{"id":2154,"date":"2025-10-26T20:12:30","date_gmt":"2025-10-26T20:12:30","guid":{"rendered":"https:\/\/pescaya.com\/blogsitesite\/?page_id=2154"},"modified":"2025-11-21T02:13:04","modified_gmt":"2025-11-21T02:13:04","slug":"blogpage","status":"publish","type":"page","link":"https:\/\/pescaya.com\/blog\/","title":{"rendered":"PescaYa Blog"},"content":{"rendered":"\t\t<div data-elementor-type=\"wp-page\" data-elementor-id=\"2154\" class=\"elementor elementor-2154\" data-elementor-post-type=\"page\">\n\t\t\t\t<div class=\"elementor-element elementor-element-73de9b8 e-con-full e-flex e-con e-parent\" data-id=\"73de9b8\" data-element_type=\"container\" data-e-type=\"container\">\n\t\t\t\t<div class=\"elementor-element elementor-element-0812583 elementor-widget elementor-widget-shortcode\" data-id=\"0812583\" data-element_type=\"widget\" data-e-type=\"widget\" data-widget_type=\"shortcode.default\">\n\t\t\t\t<div class=\"elementor-widget-container\">\n\t\t\t\t\t\t\t<div class=\"elementor-shortcode\">\n    <style>\n    \/* --- General Layout --- *\/\n    .blog-wrapper {\n      width: 100%;\n      margin: 0;\n      padding: 40px 5%;\n      font-family: \"Inter\", sans-serif;\n      box-sizing: border-box;\n    }\n\n    \/* --- Featured Section --- *\/\n.featured-section {\n  display: flex;\n  flex-wrap: nowrap;\n  gap: 40px;\n  margin-bottom: 60px;\n}\n\n.featured-main {\n  flex: 0 0 60%;\n  width: 60%;\n}\n\n.featured-sidebar {\n  flex: 0 0 40%;\n  width: 40%;\n}\n\t\n\t\n.featured-sidebar {\n  flex: 1;\n  width: 50%;\n}\n\n.featured-main img {\n  width: 100%;\n  height: 400px;\n  object-fit: cover;\n  border-radius: 12px;\n}\n\n    .featured-main h2 {\n      margin: 15px 0 10px;\n      font-size: 28px;\n    }\n\n    .featured-main small {\n      color: #777;\n      display: block;\n      margin-bottom: 10px;\n    }\n\n   .featured-sidebar h3 {\n    font-size: 28px;\n    border-bottom: 2px solid #ff9800;\n    padding-bottom: 6px;\n    margin-bottom: 15px;\n    font-weight: bold;\n    color: #0078ba;\n}\n\n    .featured-post-item {\n      margin-bottom: 20px;\n      border-bottom: 1px solid #eee;\n      padding-bottom: 10px;\n    }\n\n    .featured-post-item a {\n      font-weight: 600;\n      color: #222;\n      text-decoration: none;\n    }\n\n    .featured-post-item small {\n      color: #777;\n      font-size: 13px;\n    }\n\n    \/* --- Recent Posts --- *\/\n    .recent-section h3 {\n      font-size: 28px;\n    border-bottom: 2px solid #ff9800;\n    padding-bottom: 6px;\n    margin-bottom: 15px;\n    font-weight: bold;\n    color: #0078ba;\n    }\n\n    .recent-grid {\n      display: grid;\n     grid-template-columns: repeat(auto-fit, minmax(300px, 1fr));\n      gap: 20px;\n    }\n\n    .recent-card {\n      background: #fff;\n      border-radius: 12px;\n      box-shadow: 0 3px 12px rgba(0,0,0,0.1);\n      overflow: hidden;\n      transition: transform 0.3s ease;\n    }\n\n    .recent-card:hover {\n      transform: translateY(-5px);\n    }\n\n    .recent-card img {\n      width: 100%;\n      height: 220px;\n      object-fit: cover;\n    }\n\n    .recent-card-content {\n      padding: 18px;\n    }\n\n    .recent-card-content h4 {\n      font-size: 20px;\n      margin-bottom: 10px;\n    }\n\n    .recent-card-content p {\n      font-size: 15px;\n      color: #555;\n    }\n\t.recent-card-content .blacklink {\n      font-size: 16px;\n    }\n\t.blacklink {\n  position: relative;\n  color: #222;\n  font-weight: 800;\n  text-decoration: none;\n  transition: color 0.3s ease;\n}\n\n\t\/* Create the blue underline (hidden by default) *\/\n\t.blacklink::after {\n\t  content: \"\";\n\t  position: absolute;\n\t  left: 0;\n\t  bottom: -2px;\n\t  width: 0%;\n\t  height: 2px;\n\t  background-color: #0078ba; \/* same blue as hover color *\/\n\t  transition: width 0.3s ease;\n\t}\n\n\t\/* On hover \u2014 color changes and underline appears *\/\n\t.blacklink:hover {\n\t  color: #0078ba;\n\t}\n\n\t.blacklink:hover::after {\n\t  width: 100%;\n\t}\n\n\n    \/* --- Responsive --- *\/\n    @media (max-width: 900px) {\n      .featured-section {\n        flex-direction: column;\n      }\n      .featured-main img {\n        height: 300px;\n      }\n\t\t.featured-main {\n  width: 100%;\n}\n\n.featured-sidebar {\n  width: 100%;\n}\n    }\n    <\/style>\n\n    <div class=\"blog-wrapper\">\n\n      <!-- FEATURED SECTION -->\n      <section class=\"featured-section\">\n        <div class=\"featured-main\">\n                        <a href=\"https:\/\/pescaya.com\/blog\/tours-de-pesca-panama\/\">\n                <img fetchpriority=\"high\" decoding=\"async\" width=\"1024\" height=\"576\" src=\"https:\/\/pescaya.com\/blog\/wp-content\/uploads\/2025\/11\/fishing-tours-in-panama-1024x576.jpg\" class=\"attachment-large size-large wp-post-image\" alt=\"panama fishing tours\" srcset=\"https:\/\/pescaya.com\/blog\/wp-content\/uploads\/2025\/11\/fishing-tours-in-panama-1024x576.jpg 1024w, https:\/\/pescaya.com\/blog\/wp-content\/uploads\/2025\/11\/fishing-tours-in-panama-300x169.jpg 300w, https:\/\/pescaya.com\/blog\/wp-content\/uploads\/2025\/11\/fishing-tours-in-panama-768x432.jpg 768w, https:\/\/pescaya.com\/blog\/wp-content\/uploads\/2025\/11\/fishing-tours-in-panama.jpg 1200w\" sizes=\"(max-width: 1024px) 100vw, 1024px\" \/>              <\/a>\n              <h2><a class=\"blacklink\" href=\"https:\/\/pescaya.com\/blog\/tours-de-pesca-panama\/\">Tours de Pesca en Panam\u00e1 2026: Mejores Spots y Especies<\/a><\/h2>\n              <small>Nov 24, 2025 \u00b7 28 minutos de lectura<\/small>\n              <p>Todo lo que necesitas para tu tour de pesca en Panam\u00e1 \u2014 mejores destinos, especies, temporadas y precios. Reserva con capitanes locales en PescaYa.<\/p>\n                    <\/div>\n\n        <aside class=\"featured-sidebar\">\n          <h3>Articulos Destacados<\/h3>\n                        <div class=\"featured-post-item\">\n                <a class=\"blacklink\" href=\"https:\/\/pescaya.com\/blog\/pesca-de-sabalo-panama\/\">Pesca de Sabalo en Panam\u00e1 \u2013 Lugares y Temporadas<\/a><br>\n                <small>Nov 10, 2025 \u00b7 11 minutos de lectura<\/small>\n              <\/div>\n                          <div class=\"featured-post-item\">\n                <a class=\"blacklink\" href=\"https:\/\/pescaya.com\/blog\/pesca-de-sargento-en-panama\/\">Pesca de Tucunar\u00e9 en Panam\u00e1<\/a><br>\n                <small>Nov 10, 2025 \u00b7 6 minutos de lectura<\/small>\n              <\/div>\n                          <div class=\"featured-post-item\">\n                <a class=\"blacklink\" href=\"https:\/\/pescaya.com\/blog\/pesca-deportiva-en-panama\/\">Pesca Deportiva en Panam\u00e1: \u00c9pocas, Lugares y Especies<\/a><br>\n                <small>Nov 5, 2025 \u00b7 10 minutos de lectura<\/small>\n              <\/div>\n                          <div class=\"featured-post-item\">\n                <a class=\"blacklink\" href=\"https:\/\/pescaya.com\/blog\/mejores-lugares-pescar-panama\/\">Pesca en Panam\u00e1: Mejores Spots y Especies<\/a><br>\n                <small>Nov 3, 2025 \u00b7 13 minutos de lectura<\/small>\n              <\/div>\n                          <div class=\"featured-post-item\">\n                <a class=\"blacklink\" href=\"https:\/\/pescaya.com\/blog\/pesca-con-mosca-en-panama\/\">Pesca con Mosca en Panam\u00e1: Mejores Lugares y Especies<\/a><br>\n                <small>Nov 3, 2025 \u00b7 6 minutos de lectura<\/small>\n              <\/div>\n                    <\/aside>\n      <\/section>\n\n      <!-- RECENT POSTS -->\n      <section class=\"recent-section\">\n        <h3>Mas Recientes<\/h3>\n        <div class=\"recent-grid\">\n                        <div class=\"recent-card\">\n                <a href=\"https:\/\/pescaya.com\/blog\/jurel-toro\/\">\n                  <img decoding=\"async\" width=\"1024\" height=\"576\" src=\"https:\/\/pescaya.com\/blog\/wp-content\/uploads\/2026\/05\/jack-crevalle-fishing-1024x576.jpg\" class=\"attachment-large size-large wp-post-image\" alt=\"jack crevalle fishing\" srcset=\"https:\/\/pescaya.com\/blog\/wp-content\/uploads\/2026\/05\/jack-crevalle-fishing-1024x576.jpg 1024w, https:\/\/pescaya.com\/blog\/wp-content\/uploads\/2026\/05\/jack-crevalle-fishing-300x169.jpg 300w, https:\/\/pescaya.com\/blog\/wp-content\/uploads\/2026\/05\/jack-crevalle-fishing-768x432.jpg 768w, https:\/\/pescaya.com\/blog\/wp-content\/uploads\/2026\/05\/jack-crevalle-fishing.jpg 1200w\" sizes=\"(max-width: 1024px) 100vw, 1024px\" \/>                <\/a>\n                <div class=\"recent-card-content\">\n                  <h4><a  class=\"blacklink\"  href=\"https:\/\/pescaya.com\/blog\/jurel-toro\/\">Jurel Toro: Guia Completa de Pesca (2026)<\/a><\/h4>\n                 <p class=\"related-card-excerpt\">Jurel Toro: Guia Completa de Pesca (2026) En Mexico, Panama y Costa Rica, los pescadores no lo llaman crevalle jack. Lo...<\/p>\n\t\t\t\t\t\t\t<a href=\"https:\/\/pescaya.com\/blog\/jurel-toro\/\">Leer m\u00e1s -><\/a>\n                <\/div>\n              <\/div>\n                          <div class=\"recent-card\">\n                <a href=\"https:\/\/pescaya.com\/blog\/lodge-de-pesca-en-panama\/\">\n                  <img decoding=\"async\" width=\"1024\" height=\"576\" src=\"https:\/\/pescaya.com\/blog\/wp-content\/uploads\/2026\/04\/all-inclusive-fishing-charters-in-panama-1024x576.jpg\" class=\"attachment-large size-large wp-post-image\" alt=\"all inclusive fishing charters in panama\" srcset=\"https:\/\/pescaya.com\/blog\/wp-content\/uploads\/2026\/04\/all-inclusive-fishing-charters-in-panama-1024x576.jpg 1024w, https:\/\/pescaya.com\/blog\/wp-content\/uploads\/2026\/04\/all-inclusive-fishing-charters-in-panama-300x169.jpg 300w, https:\/\/pescaya.com\/blog\/wp-content\/uploads\/2026\/04\/all-inclusive-fishing-charters-in-panama-768x432.jpg 768w, https:\/\/pescaya.com\/blog\/wp-content\/uploads\/2026\/04\/all-inclusive-fishing-charters-in-panama.jpg 1200w\" sizes=\"(max-width: 1024px) 100vw, 1024px\" \/>                <\/a>\n                <div class=\"recent-card-content\">\n                  <h4><a  class=\"blacklink\"  href=\"https:\/\/pescaya.com\/blog\/lodge-de-pesca-en-panama\/\">Lodges de Pesca en Panam\u00e1: Paquetes All-Inclusive y Precios 2026<\/a><\/h4>\n                 <p class=\"related-card-excerpt\">Lodges de Pesca en Panam\u00e1: Paquetes Todo Incluido y Precios 2026 La mayor\u00eda de los pescadores que planean un viaje a...<\/p>\n\t\t\t\t\t\t\t<a href=\"https:\/\/pescaya.com\/blog\/lodge-de-pesca-en-panama\/\">Leer m\u00e1s -><\/a>\n                <\/div>\n              <\/div>\n                          <div class=\"recent-card\">\n                <a href=\"https:\/\/pescaya.com\/blog\/pesca-banco-hannibal-panama\/\">\n                  <img loading=\"lazy\" decoding=\"async\" width=\"1024\" height=\"576\" src=\"https:\/\/pescaya.com\/blog\/wp-content\/uploads\/2026\/04\/hannibal-bank-fishing-1024x576.jpg\" class=\"attachment-large size-large wp-post-image\" alt=\"hannibal bank fishing in panama\" srcset=\"https:\/\/pescaya.com\/blog\/wp-content\/uploads\/2026\/04\/hannibal-bank-fishing-1024x576.jpg 1024w, https:\/\/pescaya.com\/blog\/wp-content\/uploads\/2026\/04\/hannibal-bank-fishing-300x169.jpg 300w, https:\/\/pescaya.com\/blog\/wp-content\/uploads\/2026\/04\/hannibal-bank-fishing-768x432.jpg 768w, https:\/\/pescaya.com\/blog\/wp-content\/uploads\/2026\/04\/hannibal-bank-fishing.jpg 1200w\" sizes=\"(max-width: 1024px) 100vw, 1024px\" \/>                <\/a>\n                <div class=\"recent-card-content\">\n                  <h4><a  class=\"blacklink\"  href=\"https:\/\/pescaya.com\/blog\/pesca-banco-hannibal-panama\/\">Pesca en el Banco Hannibal: Especies, Temporadas y C\u00f3mo Reservar<\/a><\/h4>\n                 <p class=\"related-card-excerpt\">La traves\u00eda desde los lodges de Isla Parida dura aproximadamente 90 minutos. Cuando llegas al banco, las fragatas ya...<\/p>\n\t\t\t\t\t\t\t<a href=\"https:\/\/pescaya.com\/blog\/pesca-banco-hannibal-panama\/\">Leer m\u00e1s -><\/a>\n                <\/div>\n              <\/div>\n                          <div class=\"recent-card\">\n                <a href=\"https:\/\/pescaya.com\/blog\/pez-vela\/\">\n                  <img loading=\"lazy\" decoding=\"async\" width=\"1024\" height=\"576\" src=\"https:\/\/pescaya.com\/blog\/wp-content\/uploads\/2026\/04\/sailfish-fishing-1024x576.jpg\" class=\"attachment-large size-large wp-post-image\" alt=\"a picture of 2 men holding a sailfish in san cabo lucas\" srcset=\"https:\/\/pescaya.com\/blog\/wp-content\/uploads\/2026\/04\/sailfish-fishing-1024x576.jpg 1024w, https:\/\/pescaya.com\/blog\/wp-content\/uploads\/2026\/04\/sailfish-fishing-300x169.jpg 300w, https:\/\/pescaya.com\/blog\/wp-content\/uploads\/2026\/04\/sailfish-fishing-768x432.jpg 768w, https:\/\/pescaya.com\/blog\/wp-content\/uploads\/2026\/04\/sailfish-fishing.jpg 1200w\" sizes=\"(max-width: 1024px) 100vw, 1024px\" \/>                <\/a>\n                <div class=\"recent-card-content\">\n                  <h4><a  class=\"blacklink\"  href=\"https:\/\/pescaya.com\/blog\/pez-vela\/\">Pesca de Pez Vela: Gu\u00eda Completa para Pescadores<\/a><\/h4>\n                 <p class=\"related-card-excerpt\">La picada llega sin aviso. Un segundo el teaser est\u00e1 trabajando el spread detr\u00e1s del bote, y al siguiente un enorme...<\/p>\n\t\t\t\t\t\t\t<a href=\"https:\/\/pescaya.com\/blog\/pez-vela\/\">Leer m\u00e1s -><\/a>\n                <\/div>\n              <\/div>\n                    <\/div>\n      <\/section>\n\n    <\/div>\n\n    <\/div>\n\t\t\t\t\t\t<\/div>\n\t\t\t\t<\/div>\n\t\t\t\t<\/div>\n\t\t\t\t<\/div>\n\t\t","protected":false},"excerpt":{"rendered":"","protected":false},"author":1,"featured_media":0,"parent":0,"menu_order":0,"comment_status":"closed","ping_status":"closed","template":"elementor_header_footer","meta":{"site-sidebar-layout":"no-sidebar","site-content-layout":"page-builder","ast-site-content-layout":"full-width-container","site-content-style":"default","site-sidebar-style":"default","ast-global-header-display":"","ast-banner-title-visibility":"","ast-main-header-display":"","ast-hfb-above-header-display":"","ast-hfb-below-header-display":"","ast-hfb-mobile-header-display":"","site-post-title":"","ast-breadcrumbs-content":"","ast-featured-img":"disabled","footer-sml-layout":"","ast-disable-related-posts":"","theme-transparent-header-meta":"","adv-header-id-meta":"","stick-header-meta":"","header-above-stick-meta":"","header-main-stick-meta":"","header-below-stick-meta":"","astra-migrate-meta-layouts":"set","ast-page-background-enabled":"default","ast-page-background-meta":{"desktop":{"background-color":"var(--ast-global-color-4)","background-image":"","background-repeat":"repeat","background-position":"center center","background-size":"auto","background-attachment":"scroll","background-type":"","background-media":"","overlay-type":"","overlay-color":"","overlay-opacity":"","overlay-gradient":""},"tablet":{"background-color":"","background-image":"","background-repeat":"repeat","background-position":"center center","background-size":"auto","background-attachment":"scroll","background-type":"","background-media":"","overlay-type":"","overlay-color":"","overlay-opacity":"","overlay-gradient":""},"mobile":{"background-color":"","background-image":"","background-repeat":"repeat","background-position":"center center","background-size":"auto","background-attachment":"scroll","background-type":"","background-media":"","overlay-type":"","overlay-color":"","overlay-opacity":"","overlay-gradient":""}},"ast-content-background-meta":{"desktop":{"background-color":"var(--ast-global-color-5)","background-image":"","background-repeat":"repeat","background-position":"center center","background-size":"auto","background-attachment":"scroll","background-type":"","background-media":"","overlay-type":"","overlay-color":"","overlay-opacity":"","overlay-gradient":""},"tablet":{"background-color":"var(--ast-global-color-5)","background-image":"","background-repeat":"repeat","background-position":"center center","background-size":"auto","background-attachment":"scroll","background-type":"","background-media":"","overlay-type":"","overlay-color":"","overlay-opacity":"","overlay-gradient":""},"mobile":{"background-color":"var(--ast-global-color-5)","background-image":"","background-repeat":"repeat","background-position":"center center","background-size":"auto","background-attachment":"scroll","background-type":"","background-media":"","overlay-type":"","overlay-color":"","overlay-opacity":"","overlay-gradient":""}},"footnotes":""},"class_list":["post-2154","page","type-page","status-publish","hentry"],"yoast_head":"<!-- This site is optimized with the Yoast SEO plugin v27.5 - https:\/\/yoast.com\/product\/yoast-seo-wordpress\/ -->\n<title>PescaYa Blog<\/title>\n<meta name=\"description\" content=\"Gu\u00edas de pesca, destinos y tips expertos en el blog de PescaYa. Descubre d\u00f3nde pescar en Latinoam\u00e9rica y reserva tus tours f\u00e1cilmente.\" \/>\n<meta name=\"robots\" content=\"index, follow, max-snippet:-1, max-image-preview:large, max-video-preview:-1\" \/>\n<link rel=\"canonical\" href=\"https:\/\/pescaya.com\/blog\/\" \/>\n<meta property=\"og:locale\" content=\"es_ES\" \/>\n<meta property=\"og:type\" content=\"article\" \/>\n<meta property=\"og:title\" content=\"PescaYa Blog\" \/>\n<meta property=\"og:description\" content=\"Gu\u00edas de pesca, destinos y tips expertos en el blog de PescaYa. Descubre d\u00f3nde pescar en Latinoam\u00e9rica y reserva tus tours f\u00e1cilmente.\" \/>\n<meta property=\"og:url\" content=\"https:\/\/pescaya.com\/blog\/\" \/>\n<meta property=\"og:site_name\" content=\"PescaYa\" \/>\n<meta property=\"article:publisher\" content=\"https:\/\/www.facebook.com\/pescayacom\/\" \/>\n<meta property=\"article:modified_time\" content=\"2025-11-21T02:13:04+00:00\" \/>\n<meta name=\"twitter:card\" content=\"summary_large_image\" \/>\n<meta name=\"twitter:label1\" content=\"Tiempo de lectura\" \/>\n\t<meta name=\"twitter:data1\" content=\"1 minuto\" \/>\n<script type=\"application\/ld+json\" class=\"yoast-schema-graph\">{\"@context\":\"https:\\\/\\\/schema.org\",\"@graph\":[{\"@type\":\"WebPage\",\"@id\":\"https:\\\/\\\/pescaya.com\\\/blog\\\/\",\"url\":\"https:\\\/\\\/pescaya.com\\\/blog\\\/\",\"name\":\"PescaYa Blog\",\"isPartOf\":{\"@id\":\"https:\\\/\\\/pescaya.com\\\/blog\\\/#website\"},\"datePublished\":\"2025-10-26T20:12:30+00:00\",\"dateModified\":\"2025-11-21T02:13:04+00:00\",\"description\":\"Gu\u00edas de pesca, destinos y tips expertos en el blog de PescaYa. Descubre d\u00f3nde pescar en Latinoam\u00e9rica y reserva tus tours f\u00e1cilmente.\",\"breadcrumb\":{\"@id\":\"https:\\\/\\\/pescaya.com\\\/blog\\\/#breadcrumb\"},\"inLanguage\":\"es\",\"potentialAction\":[{\"@type\":\"ReadAction\",\"target\":[\"https:\\\/\\\/pescaya.com\\\/blog\\\/\"]}]},{\"@type\":\"BreadcrumbList\",\"@id\":\"https:\\\/\\\/pescaya.com\\\/blog\\\/#breadcrumb\",\"itemListElement\":[{\"@type\":\"ListItem\",\"position\":1,\"name\":\"Home\",\"item\":\"https:\\\/\\\/pescaya.com\\\/blog\\\/\"},{\"@type\":\"ListItem\",\"position\":2,\"name\":\"PescaYa Blog\"}]},{\"@type\":\"WebSite\",\"@id\":\"https:\\\/\\\/pescaya.com\\\/blog\\\/#website\",\"url\":\"https:\\\/\\\/pescaya.com\\\/blog\\\/\",\"name\":\"PescaYa Blog\",\"description\":\"Blog de Pesca\",\"publisher\":{\"@id\":\"https:\\\/\\\/pescaya.com\\\/blog\\\/#organization\"},\"alternateName\":\"PescaYa.com\",\"potentialAction\":[{\"@type\":\"SearchAction\",\"target\":{\"@type\":\"EntryPoint\",\"urlTemplate\":\"https:\\\/\\\/pescaya.com\\\/blog\\\/?s={search_term_string}\"},\"query-input\":{\"@type\":\"PropertyValueSpecification\",\"valueRequired\":true,\"valueName\":\"search_term_string\"}}],\"inLanguage\":\"es\"},{\"@type\":\"Organization\",\"@id\":\"https:\\\/\\\/pescaya.com\\\/blog\\\/#organization\",\"name\":\"PescaYa\",\"alternateName\":\"PescaYa.com\",\"url\":\"https:\\\/\\\/pescaya.com\\\/blog\\\/\",\"logo\":{\"@type\":\"ImageObject\",\"inLanguage\":\"es\",\"@id\":\"https:\\\/\\\/pescaya.com\\\/blog\\\/#\\\/schema\\\/logo\\\/image\\\/\",\"url\":\"https:\\\/\\\/pescaya.com\\\/blog\\\/wp-content\\\/uploads\\\/2025\\\/11\\\/cropped-Copy-of-Untitled-Design-1.png\",\"contentUrl\":\"https:\\\/\\\/pescaya.com\\\/blog\\\/wp-content\\\/uploads\\\/2025\\\/11\\\/cropped-Copy-of-Untitled-Design-1.png\",\"width\":512,\"height\":512,\"caption\":\"PescaYa\"},\"image\":{\"@id\":\"https:\\\/\\\/pescaya.com\\\/blog\\\/#\\\/schema\\\/logo\\\/image\\\/\"},\"sameAs\":[\"https:\\\/\\\/www.facebook.com\\\/pescayacom\\\/\",\"https:\\\/\\\/www.instagram.com\\\/pesca_ya\",\"https:\\\/\\\/www.tiktok.com\\\/@pesca_ya\"]}]}<\/script>\n<!-- \/ Yoast SEO plugin. -->","yoast_head_json":{"title":"PescaYa Blog","description":"Gu\u00edas de pesca, destinos y tips expertos en el blog de PescaYa. Descubre d\u00f3nde pescar en Latinoam\u00e9rica y reserva tus tours f\u00e1cilmente.","robots":{"index":"index","follow":"follow","max-snippet":"max-snippet:-1","max-image-preview":"max-image-preview:large","max-video-preview":"max-video-preview:-1"},"canonical":"https:\/\/pescaya.com\/blog\/","og_locale":"es_ES","og_type":"article","og_title":"PescaYa Blog","og_description":"Gu\u00edas de pesca, destinos y tips expertos en el blog de PescaYa. Descubre d\u00f3nde pescar en Latinoam\u00e9rica y reserva tus tours f\u00e1cilmente.","og_url":"https:\/\/pescaya.com\/blog\/","og_site_name":"PescaYa","article_publisher":"https:\/\/www.facebook.com\/pescayacom\/","article_modified_time":"2025-11-21T02:13:04+00:00","twitter_card":"summary_large_image","twitter_misc":{"Tiempo de lectura":"1 minuto"},"schema":{"@context":"https:\/\/schema.org","@graph":[{"@type":"WebPage","@id":"https:\/\/pescaya.com\/blog\/","url":"https:\/\/pescaya.com\/blog\/","name":"PescaYa Blog","isPartOf":{"@id":"https:\/\/pescaya.com\/blog\/#website"},"datePublished":"2025-10-26T20:12:30+00:00","dateModified":"2025-11-21T02:13:04+00:00","description":"Gu\u00edas de pesca, destinos y tips expertos en el blog de PescaYa. Descubre d\u00f3nde pescar en Latinoam\u00e9rica y reserva tus tours f\u00e1cilmente.","breadcrumb":{"@id":"https:\/\/pescaya.com\/blog\/#breadcrumb"},"inLanguage":"es","potentialAction":[{"@type":"ReadAction","target":["https:\/\/pescaya.com\/blog\/"]}]},{"@type":"BreadcrumbList","@id":"https:\/\/pescaya.com\/blog\/#breadcrumb","itemListElement":[{"@type":"ListItem","position":1,"name":"Home","item":"https:\/\/pescaya.com\/blog\/"},{"@type":"ListItem","position":2,"name":"PescaYa Blog"}]},{"@type":"WebSite","@id":"https:\/\/pescaya.com\/blog\/#website","url":"https:\/\/pescaya.com\/blog\/","name":"PescaYa Blog","description":"Blog de Pesca","publisher":{"@id":"https:\/\/pescaya.com\/blog\/#organization"},"alternateName":"PescaYa.com","potentialAction":[{"@type":"SearchAction","target":{"@type":"EntryPoint","urlTemplate":"https:\/\/pescaya.com\/blog\/?s={search_term_string}"},"query-input":{"@type":"PropertyValueSpecification","valueRequired":true,"valueName":"search_term_string"}}],"inLanguage":"es"},{"@type":"Organization","@id":"https:\/\/pescaya.com\/blog\/#organization","name":"PescaYa","alternateName":"PescaYa.com","url":"https:\/\/pescaya.com\/blog\/","logo":{"@type":"ImageObject","inLanguage":"es","@id":"https:\/\/pescaya.com\/blog\/#\/schema\/logo\/image\/","url":"https:\/\/pescaya.com\/blog\/wp-content\/uploads\/2025\/11\/cropped-Copy-of-Untitled-Design-1.png","contentUrl":"https:\/\/pescaya.com\/blog\/wp-content\/uploads\/2025\/11\/cropped-Copy-of-Untitled-Design-1.png","width":512,"height":512,"caption":"PescaYa"},"image":{"@id":"https:\/\/pescaya.com\/blog\/#\/schema\/logo\/image\/"},"sameAs":["https:\/\/www.facebook.com\/pescayacom\/","https:\/\/www.instagram.com\/pesca_ya","https:\/\/www.tiktok.com\/@pesca_ya"]}]}},"blog_post_layout_featured_media_urls":{"thumbnail":"","full":""},"categories_names":null,"comments_number":"0","_links":{"self":[{"href":"https:\/\/pescaya.com\/blog\/wp-json\/wp\/v2\/pages\/2154","targetHints":{"allow":["GET"]}}],"collection":[{"href":"https:\/\/pescaya.com\/blog\/wp-json\/wp\/v2\/pages"}],"about":[{"href":"https:\/\/pescaya.com\/blog\/wp-json\/wp\/v2\/types\/page"}],"author":[{"embeddable":true,"href":"https:\/\/pescaya.com\/blog\/wp-json\/wp\/v2\/users\/1"}],"replies":[{"embeddable":true,"href":"https:\/\/pescaya.com\/blog\/wp-json\/wp\/v2\/comments?post=2154"}],"version-history":[{"count":29,"href":"https:\/\/pescaya.com\/blog\/wp-json\/wp\/v2\/pages\/2154\/revisions"}],"predecessor-version":[{"id":2898,"href":"https:\/\/pescaya.com\/blog\/wp-json\/wp\/v2\/pages\/2154\/revisions\/2898"}],"wp:attachment":[{"href":"https:\/\/pescaya.com\/blog\/wp-json\/wp\/v2\/media?parent=2154"}],"curies":[{"name":"wp","href":"https:\/\/api.w.org\/{rel}","templated":true}]}}